{"id":235,"date":"2014-02-21T19:45:26","date_gmt":"2014-02-21T18:45:26","guid":{"rendered":"http:\/\/www.woodarch.de\/?page_id=235"},"modified":"2014-03-03T13:07:40","modified_gmt":"2014-03-03T12:07:40","slug":"spiegelschranke","status":"publish","type":"page","link":"http:\/\/www.woodarch.de\/?page_id=235","title":{"rendered":"Spiegelschr\u00e4nke"},"content":{"rendered":"<table width=\"100%\">\n<tbody>\n<tr>\n<td style=\"text-align: left;\" width=\"50%\"><a title=\"Gro\u00dfe Ansicht\" href=\"http:\/\/www.woodarch.de\/wp-content\/uploads\/2014\/02\/P1030945-mittel.jpg\" target=\"_blank\"><img decoding=\"async\" loading=\"lazy\" class=\"alignleft size-medium wp-image-112\" alt=\"P1030945-mittel\" src=\"http:\/\/www.woodarch.de\/wp-content\/uploads\/2014\/02\/P1030945-mittel-300x225.jpg\" width=\"300\" height=\"225\" srcset=\"http:\/\/www.woodarch.de\/wp-content\/uploads\/2014\/02\/P1030945-mittel-300x225.jpg 300w, http:\/\/www.woodarch.de\/wp-content\/uploads\/2014\/02\/P1030945-mittel-250x187.jpg 250w, http:\/\/www.woodarch.de\/wp-content\/uploads\/2014\/02\/P1030945-mittel-100x75.jpg 100w, http:\/\/www.woodarch.de\/wp-content\/uploads\/2014\/02\/P1030945-mittel-150x112.jpg 150w, http:\/\/www.woodarch.de\/wp-content\/uploads\/2014\/02\/P1030945-mittel-200x150.jpg 200w, http:\/\/www.woodarch.de\/wp-content\/uploads\/2014\/02\/P1030945-mittel-450x337.jpg 450w, http:\/\/www.woodarch.de\/wp-content\/uploads\/2014\/02\/P1030945-mittel-600x450.jpg 600w, http:\/\/www.woodarch.de\/wp-content\/uploads\/2014\/02\/P1030945-mittel-900x675.jpg 900w, http:\/\/www.woodarch.de\/wp-content\/uploads\/2014\/02\/P1030945-mittel.jpg 1000w\" sizes=\"(max-width: 300px) 100vw, 300px\" \/><\/a><\/td>\n<td style=\"text-align: right;\" width=\"50%\"><a title=\"Gro\u00dfe Ansicht\" href=\"http:\/\/www.woodarch.de\/wp-content\/uploads\/2014\/02\/P1030941-mittel.jpg\" target=\"_blank\"><img decoding=\"async\" loading=\"lazy\" class=\"wp-image-111 alignright\" alt=\"P1030941-mittel\" src=\"http:\/\/www.woodarch.de\/wp-content\/uploads\/2014\/02\/P1030941-mittel-300x225.jpg\" width=\"300\" height=\"225\" srcset=\"http:\/\/www.woodarch.de\/wp-content\/uploads\/2014\/02\/P1030941-mittel-300x225.jpg 300w, http:\/\/www.woodarch.de\/wp-content\/uploads\/2014\/02\/P1030941-mittel-250x187.jpg 250w, http:\/\/www.woodarch.de\/wp-content\/uploads\/2014\/02\/P1030941-mittel-100x75.jpg 100w, http:\/\/www.woodarch.de\/wp-content\/uploads\/2014\/02\/P1030941-mittel-150x112.jpg 150w, http:\/\/www.woodarch.de\/wp-content\/uploads\/2014\/02\/P1030941-mittel-200x150.jpg 200w, http:\/\/www.woodarch.de\/wp-content\/uploads\/2014\/02\/P1030941-mittel-450x337.jpg 450w, http:\/\/www.woodarch.de\/wp-content\/uploads\/2014\/02\/P1030941-mittel-600x450.jpg 600w, http:\/\/www.woodarch.de\/wp-content\/uploads\/2014\/02\/P1030941-mittel-900x675.jpg 900w, http:\/\/www.woodarch.de\/wp-content\/uploads\/2014\/02\/P1030941-mittel.jpg 1000w\" sizes=\"(max-width: 300px) 100vw, 300px\" \/><\/a><\/td>\n<\/tr>\n<\/tbody>\n<\/table>\n<table width=\"100%\">\n<tbody>\n<tr>\n<td style=\"text-align: center;\">\n<h6>Badezimmer Spiegelschrank, 3-t\u00fcrig<br \/>\n(Lichtleiste mit Satinato-Glas)<\/h6>\n<\/td>\n<\/tr>\n<\/tbody>\n<\/table>\n<table width=\"100%\">\n<tbody>\n<tr>\n<td><a title=\"Begehbare Kleiderschr\u00e4nke\" href=\"http:\/\/www.woodarch.de\/?page_id=228\">zu begehbare Kleiderschr\u00e4nke<\/a><\/td>\n<td style=\"text-align: right;\"><a title=\"T\u00fcrelemente\" href=\"http:\/\/www.woodarch.de\/?page_id=242\">zu T\u00fcrelemente<\/a><\/td>\n<\/tr>\n<\/tbody>\n<\/table>\n","protected":false},"excerpt":{"rendered":"<p>Badezimmer Spiegelschrank, 3-t\u00fcrig (Lichtleiste mit Satinato-Glas) zu begehbare Kleiderschr\u00e4nke zu T\u00fcrelemente<\/p>\n","protected":false},"author":1,"featured_media":0,"parent":163,"menu_order":0,"comment_status":"closed","ping_status":"open","template":"page-templates\/page-full-width.php","meta":[],"_links":{"self":[{"href":"http:\/\/www.woodarch.de\/index.php?rest_route=\/wp\/v2\/pages\/235"}],"collection":[{"href":"http:\/\/www.woodarch.de\/index.php?rest_route=\/wp\/v2\/pages"}],"about":[{"href":"http:\/\/www.woodarch.de\/index.php?rest_route=\/wp\/v2\/types\/page"}],"author":[{"embeddable":true,"href":"http:\/\/www.woodarch.de\/index.php?rest_route=\/wp\/v2\/users\/1"}],"replies":[{"embeddable":true,"href":"http:\/\/www.woodarch.de\/index.php?rest_route=%2Fwp%2Fv2%2Fcomments&post=235"}],"version-history":[{"count":7,"href":"http:\/\/www.woodarch.de\/index.php?rest_route=\/wp\/v2\/pages\/235\/revisions"}],"predecessor-version":[{"id":308,"href":"http:\/\/www.woodarch.de\/index.php?rest_route=\/wp\/v2\/pages\/235\/revisions\/308"}],"up":[{"embeddable":true,"href":"http:\/\/www.woodarch.de\/index.php?rest_route=\/wp\/v2\/pages\/163"}],"wp:attachment":[{"href":"http:\/\/www.woodarch.de\/index.php?rest_route=%2Fwp%2Fv2%2Fmedia&parent=235"}],"curies":[{"name":"wp","href":"https:\/\/api.w.org\/{rel}","templated":true}]}}