{"id":228,"date":"2014-02-21T19:40:39","date_gmt":"2014-02-21T18:40:39","guid":{"rendered":"http:\/\/www.woodarch.de\/?page_id=228"},"modified":"2014-03-03T13:09:06","modified_gmt":"2014-03-03T12:09:06","slug":"begehbare-kleiderschranke","status":"publish","type":"page","link":"http:\/\/www.woodarch.de\/?page_id=228","title":{"rendered":"Begehbare Kleiderschr\u00e4nke"},"content":{"rendered":"<table width=\"100%\">\n<tbody>\n<tr>\n<td style=\"text-align: left;\" width=\"33%\"><a title=\"Gro\u00dfe Ansicht\" href=\"http:\/\/www.woodarch.de\/wp-content\/uploads\/2014\/02\/P1030886-mittel.jpg\" target=\"_blank\"><img decoding=\"async\" loading=\"lazy\" class=\"alignleft size-medium wp-image-109\" alt=\"P1030886-mittel\" src=\"http:\/\/www.woodarch.de\/wp-content\/uploads\/2014\/02\/P1030886-mittel-300x225.jpg\" width=\"300\" height=\"225\" srcset=\"http:\/\/www.woodarch.de\/wp-content\/uploads\/2014\/02\/P1030886-mittel-300x225.jpg 300w, http:\/\/www.woodarch.de\/wp-content\/uploads\/2014\/02\/P1030886-mittel-250x187.jpg 250w, http:\/\/www.woodarch.de\/wp-content\/uploads\/2014\/02\/P1030886-mittel-100x75.jpg 100w, http:\/\/www.woodarch.de\/wp-content\/uploads\/2014\/02\/P1030886-mittel-150x112.jpg 150w, http:\/\/www.woodarch.de\/wp-content\/uploads\/2014\/02\/P1030886-mittel-200x150.jpg 200w, http:\/\/www.woodarch.de\/wp-content\/uploads\/2014\/02\/P1030886-mittel-450x337.jpg 450w, http:\/\/www.woodarch.de\/wp-content\/uploads\/2014\/02\/P1030886-mittel-600x450.jpg 600w, http:\/\/www.woodarch.de\/wp-content\/uploads\/2014\/02\/P1030886-mittel-900x675.jpg 900w, http:\/\/www.woodarch.de\/wp-content\/uploads\/2014\/02\/P1030886-mittel.jpg 1000w\" sizes=\"(max-width: 300px) 100vw, 300px\" \/><\/a><\/td>\n<td style=\"text-align: right;\" width=\"34%\"><a title=\"Gro\u00dfe Ansicht\" href=\"http:\/\/www.woodarch.de\/wp-content\/uploads\/2014\/02\/P1030932-mittel.jpg\" target=\"_blank\"><img decoding=\"async\" loading=\"lazy\" class=\"size-medium wp-image-110 alignright\" alt=\"P1030932-mittel\" src=\"http:\/\/www.woodarch.de\/wp-content\/uploads\/2014\/02\/P1030932-mittel-225x300.jpg\" width=\"225\" height=\"300\" srcset=\"http:\/\/www.woodarch.de\/wp-content\/uploads\/2014\/02\/P1030932-mittel-225x300.jpg 225w, http:\/\/www.woodarch.de\/wp-content\/uploads\/2014\/02\/P1030932-mittel-900x1199.jpg 900w, http:\/\/www.woodarch.de\/wp-content\/uploads\/2014\/02\/P1030932-mittel-250x333.jpg 250w, http:\/\/www.woodarch.de\/wp-content\/uploads\/2014\/02\/P1030932-mittel-100x133.jpg 100w, http:\/\/www.woodarch.de\/wp-content\/uploads\/2014\/02\/P1030932-mittel-150x199.jpg 150w, http:\/\/www.woodarch.de\/wp-content\/uploads\/2014\/02\/P1030932-mittel-200x266.jpg 200w, http:\/\/www.woodarch.de\/wp-content\/uploads\/2014\/02\/P1030932-mittel-300x399.jpg 300w, http:\/\/www.woodarch.de\/wp-content\/uploads\/2014\/02\/P1030932-mittel-450x599.jpg 450w, http:\/\/www.woodarch.de\/wp-content\/uploads\/2014\/02\/P1030932-mittel-600x799.jpg 600w, http:\/\/www.woodarch.de\/wp-content\/uploads\/2014\/02\/P1030932-mittel.jpg 1000w\" sizes=\"(max-width: 225px) 100vw, 225px\" \/><\/a><\/td>\n<\/tr>\n<\/tbody>\n<\/table>\n<table width=\"100%\">\n<tbody>\n<tr>\n<td style=\"text-align: center;\">\n<h6>begehbarer Kleiderschrank mit Schiebet\u00fcr (Alurahmen mit Ornamentglas);<br \/>\nDetail: Schubk\u00e4sten in Eiche massiv<\/h6>\n<\/td>\n<\/tr>\n<\/tbody>\n<\/table>\n<table width=\"100%\">\n<tbody>\n<tr>\n<td><a title=\"Garderobenschr\u00e4nke\" href=\"http:\/\/www.woodarch.de\/?page_id=222\">zu Garderobenschr\u00e4nke<\/a><\/td>\n<td style=\"text-align: right;\"><a title=\"Spiegelschr\u00e4nke\" href=\"http:\/\/www.woodarch.de\/?page_id=235\">zu Spiegelschr\u00e4nke<\/a><\/td>\n<\/tr>\n<\/tbody>\n<\/table>\n","protected":false},"excerpt":{"rendered":"<p>begehbarer Kleiderschrank mit Schiebet\u00fcr (Alurahmen mit Ornamentglas); Detail: Schubk\u00e4sten in Eiche massiv zu Garderobenschr\u00e4nke zu Spiegelschr\u00e4nke<\/p>\n","protected":false},"author":1,"featured_media":0,"parent":163,"menu_order":0,"comment_status":"closed","ping_status":"open","template":"page-templates\/page-full-width.php","meta":[],"_links":{"self":[{"href":"http:\/\/www.woodarch.de\/index.php?rest_route=\/wp\/v2\/pages\/228"}],"collection":[{"href":"http:\/\/www.woodarch.de\/index.php?rest_route=\/wp\/v2\/pages"}],"about":[{"href":"http:\/\/www.woodarch.de\/index.php?rest_route=\/wp\/v2\/types\/page"}],"author":[{"embeddable":true,"href":"http:\/\/www.woodarch.de\/index.php?rest_route=\/wp\/v2\/users\/1"}],"replies":[{"embeddable":true,"href":"http:\/\/www.woodarch.de\/index.php?rest_route=%2Fwp%2Fv2%2Fcomments&post=228"}],"version-history":[{"count":11,"href":"http:\/\/www.woodarch.de\/index.php?rest_route=\/wp\/v2\/pages\/228\/revisions"}],"predecessor-version":[{"id":311,"href":"http:\/\/www.woodarch.de\/index.php?rest_route=\/wp\/v2\/pages\/228\/revisions\/311"}],"up":[{"embeddable":true,"href":"http:\/\/www.woodarch.de\/index.php?rest_route=\/wp\/v2\/pages\/163"}],"wp:attachment":[{"href":"http:\/\/www.woodarch.de\/index.php?rest_route=%2Fwp%2Fv2%2Fmedia&parent=228"}],"curies":[{"name":"wp","href":"https:\/\/api.w.org\/{rel}","templated":true}]}}